{"id":1338,"date":"2021-11-06T14:19:30","date_gmt":"2021-11-06T13:19:30","guid":{"rendered":"https:\/\/www.ducristauxglacees.sk\/estelle\/"},"modified":"2025-03-22T14:03:07","modified_gmt":"2025-03-22T13:03:07","slug":"estelle","status":"publish","type":"page","link":"https:\/\/www.ducristauxglacees.sk\/en\/our-dogs\/estelle\/","title":{"rendered":"Estelle"},"content":{"rendered":"\t\t<div data-elementor-type=\"wp-page\" data-elementor-id=\"1338\" class=\"elementor elementor-1338 elementor-848\" data-elementor-post-type=\"page\">\n\t\t\t\t\t\t<section class=\"elementor-section elementor-top-section elementor-element elementor-element-43942561 elementor-section-boxed elementor-section-height-default elementor-section-height-default\" data-id=\"43942561\" data-element_type=\"section\" data-e-type=\"section\">\n\t\t\t\t\t\t<div class=\"elementor-container elementor-column-gap-default\">\n\t\t\t\t\t<div class=\"elementor-column elementor-col-100 elementor-top-column elementor-element elementor-element-28b289a3\" data-id=\"28b289a3\" data-element_type=\"column\" data-e-type=\"column\">\n\t\t\t<div class=\"elementor-widget-wrap elementor-element-populated\">\n\t\t\t\t\t\t<div class=\"elementor-element elementor-element-85e6251 elementor-widget elementor-widget-button\" data-id=\"85e6251\" data-element_type=\"widget\" data-e-type=\"widget\" data-widget_type=\"button.default\">\n\t\t\t\t<div class=\"elementor-widget-container\">\n\t\t\t\t\t\t\t\t\t<div class=\"elementor-button-wrapper\">\n\t\t\t\t\t<a class=\"elementor-button elementor-button-link elementor-size-sm\" href=\"https:\/\/poodle.pedigreedatabaseonline.com\/en\/ESTELLE-LA-REINE-DU-CRISTAUX-GLACE-S\/pedigree\/85246\/i\">\n\t\t\t\t\t\t<span class=\"elementor-button-content-wrapper\">\n\t\t\t\t\t\t\t\t\t<span class=\"elementor-button-text\">Pedigree<\/span>\n\t\t\t\t\t<\/span>\n\t\t\t\t\t<\/a>\n\t\t\t\t<\/div>\n\t\t\t\t\t\t\t\t<\/div>\n\t\t\t\t<\/div>\n\t\t\t\t<div class=\"elementor-element elementor-element-301c5232 elementor-widget elementor-widget-gallery\" data-id=\"301c5232\" data-element_type=\"widget\" data-e-type=\"widget\" data-settings=\"{&quot;gallery_layout&quot;:&quot;masonry&quot;,&quot;overlay_title&quot;:&quot;title&quot;,&quot;columns&quot;:4,&quot;columns_tablet&quot;:2,&quot;columns_mobile&quot;:1,&quot;gap&quot;:{&quot;unit&quot;:&quot;px&quot;,&quot;size&quot;:10,&quot;sizes&quot;:[]},&quot;gap_tablet&quot;:{&quot;unit&quot;:&quot;px&quot;,&quot;size&quot;:10,&quot;sizes&quot;:[]},&quot;gap_mobile&quot;:{&quot;unit&quot;:&quot;px&quot;,&quot;size&quot;:10,&quot;sizes&quot;:[]},&quot;link_to&quot;:&quot;file&quot;,&quot;overlay_background&quot;:&quot;yes&quot;,&quot;content_hover_animation&quot;:&quot;fade-in&quot;}\" data-widget_type=\"gallery.default\">\n\t\t\t\t<div class=\"elementor-widget-container\">\n\t\t\t\t\t\t\t<div class=\"elementor-gallery__container\">\n\t\t\t\t\t\t\t<a class=\"e-gallery-item elementor-gallery-item elementor-animated-content\" href=\"https:\/\/www.ducristauxglacees.sk\/wp-content\/uploads\/2025\/03\/Estelka.webp\" data-elementor-open-lightbox=\"yes\" data-elementor-lightbox-slideshow=\"301c5232\" data-e-action-hash=\"#elementor-action%3Aaction%3Dlightbox%26settings%3DeyJpZCI6Mjg5NCwidXJsIjoiaHR0cHM6XC9cL3d3dy5kdWNyaXN0YXV4Z2xhY2Vlcy5za1wvd3AtY29udGVudFwvdXBsb2Fkc1wvMjAyNVwvMDNcL0VzdGVsa2Eud2VicCIsInNsaWRlc2hvdyI6IjMwMWM1MjMyIn0%3D\">\n\t\t\t\t\t<div class=\"e-gallery-image elementor-gallery-item__image\" data-thumbnail=\"https:\/\/www.ducristauxglacees.sk\/wp-content\/uploads\/2025\/03\/Estelka.webp\" data-width=\"1638\" data-height=\"2048\" aria-label=\"Estelle MAR 2025\" role=\"img\" ><\/div>\n\t\t\t\t\t\t\t\t\t\t\t<div class=\"elementor-gallery-item__overlay\"><\/div>\n\t\t\t\t\t\t\t\t\t\t\t\t\t\t\t<div class=\"elementor-gallery-item__content\">\n\t\t\t\t\t\t\t\t\t\t\t\t\t\t<div class=\"elementor-gallery-item__title\">\n\t\t\t\t\t\t\t\t\t\t\t\t\t\t\t\t\t\tEstelle MAR 2025\t\t\t\t\t\t\t\t<\/div>\n\t\t\t\t\t\t\t\t\t\t\t\t<\/div>\n\t\t\t\t\t\t\t\t\t<\/a>\n\t\t\t\t\t\t\t<a class=\"e-gallery-item elementor-gallery-item elementor-animated-content\" href=\"https:\/\/www.ducristauxglacees.sk\/wp-content\/uploads\/2024\/11\/Estelle-NOV-2024a.webp\" data-elementor-open-lightbox=\"yes\" data-elementor-lightbox-slideshow=\"301c5232\" data-e-action-hash=\"#elementor-action%3Aaction%3Dlightbox%26settings%3DeyJpZCI6MjU2NCwidXJsIjoiaHR0cHM6XC9cL3d3dy5kdWNyaXN0YXV4Z2xhY2Vlcy5za1wvd3AtY29udGVudFwvdXBsb2Fkc1wvMjAyNFwvMTFcL0VzdGVsbGUtTk9WLTIwMjRhLndlYnAiLCJzbGlkZXNob3ciOiIzMDFjNTIzMiJ9\">\n\t\t\t\t\t<div class=\"e-gallery-image elementor-gallery-item__image\" data-thumbnail=\"https:\/\/www.ducristauxglacees.sk\/wp-content\/uploads\/2024\/11\/Estelle-NOV-2024a.webp\" data-width=\"1024\" data-height=\"900\" aria-label=\"Estelle NOV 2024\" role=\"img\" ><\/div>\n\t\t\t\t\t\t\t\t\t\t\t<div class=\"elementor-gallery-item__overlay\"><\/div>\n\t\t\t\t\t\t\t\t\t\t\t\t\t\t\t<div class=\"elementor-gallery-item__content\">\n\t\t\t\t\t\t\t\t\t\t\t\t\t\t<div class=\"elementor-gallery-item__title\">\n\t\t\t\t\t\t\t\t\t\t\t\t\t\t\t\t\t\tEstelle NOV 2024\t\t\t\t\t\t\t\t<\/div>\n\t\t\t\t\t\t\t\t\t\t\t\t<\/div>\n\t\t\t\t\t\t\t\t\t<\/a>\n\t\t\t\t\t\t\t<a class=\"e-gallery-item elementor-gallery-item elementor-animated-content\" href=\"https:\/\/www.ducristauxglacees.sk\/wp-content\/uploads\/2024\/11\/Estelle-NOV-2024.webp\" data-elementor-open-lightbox=\"yes\" data-elementor-lightbox-slideshow=\"301c5232\" data-e-action-hash=\"#elementor-action%3Aaction%3Dlightbox%26settings%3DeyJpZCI6MjU2MiwidXJsIjoiaHR0cHM6XC9cL3d3dy5kdWNyaXN0YXV4Z2xhY2Vlcy5za1wvd3AtY29udGVudFwvdXBsb2Fkc1wvMjAyNFwvMTFcL0VzdGVsbGUtTk9WLTIwMjQud2VicCIsInNsaWRlc2hvdyI6IjMwMWM1MjMyIn0%3D\">\n\t\t\t\t\t<div class=\"e-gallery-image elementor-gallery-item__image\" data-thumbnail=\"https:\/\/www.ducristauxglacees.sk\/wp-content\/uploads\/2024\/11\/Estelle-NOV-2024.webp\" data-width=\"1024\" data-height=\"870\" aria-label=\"Estelle NOV 2024\" role=\"img\" ><\/div>\n\t\t\t\t\t\t\t\t\t\t\t<div class=\"elementor-gallery-item__overlay\"><\/div>\n\t\t\t\t\t\t\t\t\t\t\t\t\t\t\t<div class=\"elementor-gallery-item__content\">\n\t\t\t\t\t\t\t\t\t\t\t\t\t\t<div class=\"elementor-gallery-item__title\">\n\t\t\t\t\t\t\t\t\t\t\t\t\t\t\t\t\t\tEstelle NOV 2024\t\t\t\t\t\t\t\t<\/div>\n\t\t\t\t\t\t\t\t\t\t\t\t<\/div>\n\t\t\t\t\t\t\t\t\t<\/a>\n\t\t\t\t\t\t\t<a class=\"e-gallery-item elementor-gallery-item elementor-animated-content\" href=\"https:\/\/www.ducristauxglacees.sk\/wp-content\/uploads\/2024\/06\/wds-2024-Estelle1.webp\" data-elementor-open-lightbox=\"yes\" data-elementor-lightbox-slideshow=\"301c5232\" data-e-action-hash=\"#elementor-action%3Aaction%3Dlightbox%26settings%3DeyJpZCI6MjI3NSwidXJsIjoiaHR0cHM6XC9cL3d3dy5kdWNyaXN0YXV4Z2xhY2Vlcy5za1wvd3AtY29udGVudFwvdXBsb2Fkc1wvMjAyNFwvMDZcL3dkcy0yMDI0LUVzdGVsbGUxLndlYnAiLCJzbGlkZXNob3ciOiIzMDFjNTIzMiJ9\">\n\t\t\t\t\t<div class=\"e-gallery-image elementor-gallery-item__image\" data-thumbnail=\"https:\/\/www.ducristauxglacees.sk\/wp-content\/uploads\/2024\/06\/wds-2024-Estelle1.webp\" data-width=\"1024\" data-height=\"881\" aria-label=\"WDS 2024\" role=\"img\" ><\/div>\n\t\t\t\t\t\t\t\t\t\t\t<div class=\"elementor-gallery-item__overlay\"><\/div>\n\t\t\t\t\t\t\t\t\t\t\t\t\t\t\t<div class=\"elementor-gallery-item__content\">\n\t\t\t\t\t\t\t\t\t\t\t\t\t\t<div class=\"elementor-gallery-item__title\">\n\t\t\t\t\t\t\t\t\t\t\t\t\t\t\t\t\t\tWDS 2024\t\t\t\t\t\t\t\t<\/div>\n\t\t\t\t\t\t\t\t\t\t\t\t<\/div>\n\t\t\t\t\t\t\t\t\t<\/a>\n\t\t\t\t\t\t\t<a class=\"e-gallery-item elementor-gallery-item elementor-animated-content\" href=\"https:\/\/www.ducristauxglacees.sk\/wp-content\/uploads\/2024\/06\/wds-2024-Estelle.webp\" data-elementor-open-lightbox=\"yes\" data-elementor-lightbox-slideshow=\"301c5232\" data-e-action-hash=\"#elementor-action%3Aaction%3Dlightbox%26settings%3DeyJpZCI6MjI3MywidXJsIjoiaHR0cHM6XC9cL3d3dy5kdWNyaXN0YXV4Z2xhY2Vlcy5za1wvd3AtY29udGVudFwvdXBsb2Fkc1wvMjAyNFwvMDZcL3dkcy0yMDI0LUVzdGVsbGUud2VicCIsInNsaWRlc2hvdyI6IjMwMWM1MjMyIn0%3D\">\n\t\t\t\t\t<div class=\"e-gallery-image elementor-gallery-item__image\" data-thumbnail=\"https:\/\/www.ducristauxglacees.sk\/wp-content\/uploads\/2024\/06\/wds-2024-Estelle.webp\" data-width=\"1024\" data-height=\"1536\" aria-label=\"WDS 2024\" role=\"img\" ><\/div>\n\t\t\t\t\t\t\t\t\t\t\t<div class=\"elementor-gallery-item__overlay\"><\/div>\n\t\t\t\t\t\t\t\t\t\t\t\t\t\t\t<div class=\"elementor-gallery-item__content\">\n\t\t\t\t\t\t\t\t\t\t\t\t\t\t<div class=\"elementor-gallery-item__title\">\n\t\t\t\t\t\t\t\t\t\t\t\t\t\t\t\t\t\tWDS 2024\t\t\t\t\t\t\t\t<\/div>\n\t\t\t\t\t\t\t\t\t\t\t\t<\/div>\n\t\t\t\t\t\t\t\t\t<\/a>\n\t\t\t\t\t\t\t<a class=\"e-gallery-item elementor-gallery-item elementor-animated-content\" href=\"https:\/\/www.ducristauxglacees.sk\/wp-content\/uploads\/2024\/06\/wds-2024-Estelle3.webp\" data-elementor-open-lightbox=\"yes\" data-elementor-lightbox-slideshow=\"301c5232\" data-e-action-hash=\"#elementor-action%3Aaction%3Dlightbox%26settings%3DeyJpZCI6MjI3OSwidXJsIjoiaHR0cHM6XC9cL3d3dy5kdWNyaXN0YXV4Z2xhY2Vlcy5za1wvd3AtY29udGVudFwvdXBsb2Fkc1wvMjAyNFwvMDZcL3dkcy0yMDI0LUVzdGVsbGUzLndlYnAiLCJzbGlkZXNob3ciOiIzMDFjNTIzMiJ9\">\n\t\t\t\t\t<div class=\"e-gallery-image elementor-gallery-item__image\" data-thumbnail=\"https:\/\/www.ducristauxglacees.sk\/wp-content\/uploads\/2024\/06\/wds-2024-Estelle3.webp\" data-width=\"1024\" data-height=\"1536\" aria-label=\"WDS 2024\" role=\"img\" ><\/div>\n\t\t\t\t\t\t\t\t\t\t\t<div class=\"elementor-gallery-item__overlay\"><\/div>\n\t\t\t\t\t\t\t\t\t\t\t\t\t\t\t<div class=\"elementor-gallery-item__content\">\n\t\t\t\t\t\t\t\t\t\t\t\t\t\t<div class=\"elementor-gallery-item__title\">\n\t\t\t\t\t\t\t\t\t\t\t\t\t\t\t\t\t\tWDS 2024\t\t\t\t\t\t\t\t<\/div>\n\t\t\t\t\t\t\t\t\t\t\t\t<\/div>\n\t\t\t\t\t\t\t\t\t<\/a>\n\t\t\t\t\t\t\t<a class=\"e-gallery-item elementor-gallery-item elementor-animated-content\" href=\"https:\/\/www.ducristauxglacees.sk\/wp-content\/uploads\/2024\/06\/wds-2024-Estelle2.webp\" data-elementor-open-lightbox=\"yes\" data-elementor-lightbox-slideshow=\"301c5232\" data-e-action-hash=\"#elementor-action%3Aaction%3Dlightbox%26settings%3DeyJpZCI6MjI3NywidXJsIjoiaHR0cHM6XC9cL3d3dy5kdWNyaXN0YXV4Z2xhY2Vlcy5za1wvd3AtY29udGVudFwvdXBsb2Fkc1wvMjAyNFwvMDZcL3dkcy0yMDI0LUVzdGVsbGUyLndlYnAiLCJzbGlkZXNob3ciOiIzMDFjNTIzMiJ9\">\n\t\t\t\t\t<div class=\"e-gallery-image elementor-gallery-item__image\" data-thumbnail=\"https:\/\/www.ducristauxglacees.sk\/wp-content\/uploads\/2024\/06\/wds-2024-Estelle2.webp\" data-width=\"1024\" data-height=\"804\" aria-label=\"WDS 2024\" role=\"img\" ><\/div>\n\t\t\t\t\t\t\t\t\t\t\t<div class=\"elementor-gallery-item__overlay\"><\/div>\n\t\t\t\t\t\t\t\t\t\t\t\t\t\t\t<div class=\"elementor-gallery-item__content\">\n\t\t\t\t\t\t\t\t\t\t\t\t\t\t<div class=\"elementor-gallery-item__title\">\n\t\t\t\t\t\t\t\t\t\t\t\t\t\t\t\t\t\tWDS 2024\t\t\t\t\t\t\t\t<\/div>\n\t\t\t\t\t\t\t\t\t\t\t\t<\/div>\n\t\t\t\t\t\t\t\t\t<\/a>\n\t\t\t\t\t\t\t<a class=\"e-gallery-item elementor-gallery-item elementor-animated-content\" href=\"https:\/\/www.ducristauxglacees.sk\/wp-content\/uploads\/2023\/06\/Estelle-profil.jpg\" data-elementor-open-lightbox=\"yes\" data-elementor-lightbox-slideshow=\"301c5232\" data-e-action-hash=\"#elementor-action%3Aaction%3Dlightbox%26settings%3DeyJpZCI6MTg2NCwidXJsIjoiaHR0cHM6XC9cL3d3dy5kdWNyaXN0YXV4Z2xhY2Vlcy5za1wvd3AtY29udGVudFwvdXBsb2Fkc1wvMjAyM1wvMDZcL0VzdGVsbGUtcHJvZmlsLmpwZyIsInNsaWRlc2hvdyI6IjMwMWM1MjMyIn0%3D\">\n\t\t\t\t\t<div class=\"e-gallery-image elementor-gallery-item__image\" data-thumbnail=\"https:\/\/www.ducristauxglacees.sk\/wp-content\/uploads\/2023\/06\/Estelle-profil.jpg\" data-width=\"1024\" data-height=\"1253\" aria-label=\"Estelle 2023\" role=\"img\" ><\/div>\n\t\t\t\t\t\t\t\t\t\t\t<div class=\"elementor-gallery-item__overlay\"><\/div>\n\t\t\t\t\t\t\t\t\t\t\t\t\t\t\t<div class=\"elementor-gallery-item__content\">\n\t\t\t\t\t\t\t\t\t\t\t\t\t\t<div class=\"elementor-gallery-item__title\">\n\t\t\t\t\t\t\t\t\t\t\t\t\t\t\t\t\t\tEstelle-2023\t\t\t\t\t\t\t\t<\/div>\n\t\t\t\t\t\t\t\t\t\t\t\t<\/div>\n\t\t\t\t\t\t\t\t\t<\/a>\n\t\t\t\t\t\t\t<a class=\"e-gallery-item elementor-gallery-item elementor-animated-content\" href=\"https:\/\/www.ducristauxglacees.sk\/wp-content\/uploads\/2023\/05\/BOB-ESTELLE-LA-REINE-Du-Cristaux-Glaces.jpg\" data-elementor-open-lightbox=\"yes\" data-elementor-lightbox-slideshow=\"301c5232\" data-e-action-hash=\"#elementor-action%3Aaction%3Dlightbox%26settings%3DeyJpZCI6MTcwNiwidXJsIjoiaHR0cHM6XC9cL3d3dy5kdWNyaXN0YXV4Z2xhY2Vlcy5za1wvd3AtY29udGVudFwvdXBsb2Fkc1wvMjAyM1wvMDVcL0JPQi1FU1RFTExFLUxBLVJFSU5FLUR1LUNyaXN0YXV4LUdsYWNlcy5qcGciLCJzbGlkZXNob3ciOiIzMDFjNTIzMiJ9\">\n\t\t\t\t\t<div class=\"e-gallery-image elementor-gallery-item__image\" data-thumbnail=\"https:\/\/www.ducristauxglacees.sk\/wp-content\/uploads\/2023\/05\/BOB-ESTELLE-LA-REINE-Du-Cristaux-Glaces.jpg\" data-width=\"1024\" data-height=\"683\" aria-label=\"BOB-ESTELLE LA REINE Du Cristaux-Glace&#039;s\" role=\"img\" ><\/div>\n\t\t\t\t\t\t\t\t\t\t\t<div class=\"elementor-gallery-item__overlay\"><\/div>\n\t\t\t\t\t\t\t\t\t\t\t\t\t\t\t<div class=\"elementor-gallery-item__content\">\n\t\t\t\t\t\t\t\t\t\t\t\t\t\t<div class=\"elementor-gallery-item__title\">\n\t\t\t\t\t\t\t\t\t\t\t\t\t\t\t\t\t\tBOB-ESTELLE LA REINE Du Cristaux-Glace's\t\t\t\t\t\t\t\t<\/div>\n\t\t\t\t\t\t\t\t\t\t\t\t<\/div>\n\t\t\t\t\t\t\t\t\t<\/a>\n\t\t\t\t\t\t\t<a class=\"e-gallery-item elementor-gallery-item elementor-animated-content\" href=\"https:\/\/www.ducristauxglacees.sk\/wp-content\/uploads\/2023\/05\/Estelle-BIG-2023.jpg\" data-elementor-open-lightbox=\"yes\" data-elementor-lightbox-slideshow=\"301c5232\" data-e-action-hash=\"#elementor-action%3Aaction%3Dlightbox%26settings%3DeyJpZCI6MTc5MiwidXJsIjoiaHR0cHM6XC9cL3d3dy5kdWNyaXN0YXV4Z2xhY2Vlcy5za1wvd3AtY29udGVudFwvdXBsb2Fkc1wvMjAyM1wvMDVcL0VzdGVsbGUtQklHLTIwMjMuanBnIiwic2xpZGVzaG93IjoiMzAxYzUyMzIifQ%3D%3D\">\n\t\t\t\t\t<div class=\"e-gallery-image elementor-gallery-item__image\" data-thumbnail=\"https:\/\/www.ducristauxglacees.sk\/wp-content\/uploads\/2023\/05\/Estelle-BIG-2023.jpg\" data-width=\"1024\" data-height=\"1309\" aria-label=\"Estelle BIG apr\u00edl 2023\" role=\"img\" ><\/div>\n\t\t\t\t\t\t\t\t\t\t\t<div class=\"elementor-gallery-item__overlay\"><\/div>\n\t\t\t\t\t\t\t\t\t\t\t\t\t\t\t<div class=\"elementor-gallery-item__content\">\n\t\t\t\t\t\t\t\t\t\t\t\t\t\t<div class=\"elementor-gallery-item__title\">\n\t\t\t\t\t\t\t\t\t\t\t\t\t\t\t\t\t\tEstelle BIG apr\u00edl 2023\t\t\t\t\t\t\t\t<\/div>\n\t\t\t\t\t\t\t\t\t\t\t\t<\/div>\n\t\t\t\t\t\t\t\t\t<\/a>\n\t\t\t\t\t\t\t<a class=\"e-gallery-item elementor-gallery-item elementor-animated-content\" href=\"https:\/\/www.ducristauxglacees.sk\/wp-content\/uploads\/2023\/05\/Estelle-zaverecne-sutaze1.jpg\" data-elementor-open-lightbox=\"yes\" data-elementor-lightbox-slideshow=\"301c5232\" data-e-action-hash=\"#elementor-action%3Aaction%3Dlightbox%26settings%3DeyJpZCI6MTcxMCwidXJsIjoiaHR0cHM6XC9cL3d3dy5kdWNyaXN0YXV4Z2xhY2Vlcy5za1wvd3AtY29udGVudFwvdXBsb2Fkc1wvMjAyM1wvMDVcL0VzdGVsbGUtemF2ZXJlY25lLXN1dGF6ZTEuanBnIiwic2xpZGVzaG93IjoiMzAxYzUyMzIifQ%3D%3D\">\n\t\t\t\t\t<div class=\"e-gallery-image elementor-gallery-item__image\" data-thumbnail=\"https:\/\/www.ducristauxglacees.sk\/wp-content\/uploads\/2023\/05\/Estelle-zaverecne-sutaze1.jpg\" data-width=\"800\" data-height=\"1200\" aria-label=\"Estelle z\u00e1vere\u010dn\u00e9 s\u00fa\u0165a\u017ee\" role=\"img\" ><\/div>\n\t\t\t\t\t\t\t\t\t\t\t<div class=\"elementor-gallery-item__overlay\"><\/div>\n\t\t\t\t\t\t\t\t\t\t\t\t\t\t\t<div class=\"elementor-gallery-item__content\">\n\t\t\t\t\t\t\t\t\t\t\t\t\t\t<div class=\"elementor-gallery-item__title\">\n\t\t\t\t\t\t\t\t\t\t\t\t\t\t\t\t\t\tEstelle z\u00e1vere\u010dn\u00e9 s\u00fa\u0165a\u017ee\t\t\t\t\t\t\t\t<\/div>\n\t\t\t\t\t\t\t\t\t\t\t\t<\/div>\n\t\t\t\t\t\t\t\t\t<\/a>\n\t\t\t\t\t\t\t<a class=\"e-gallery-item elementor-gallery-item elementor-animated-content\" href=\"https:\/\/www.ducristauxglacees.sk\/wp-content\/uploads\/2023\/05\/Estelka.jpg\" data-elementor-open-lightbox=\"yes\" data-elementor-lightbox-slideshow=\"301c5232\" data-e-action-hash=\"#elementor-action%3Aaction%3Dlightbox%26settings%3DeyJpZCI6MTczMiwidXJsIjoiaHR0cHM6XC9cL3d3dy5kdWNyaXN0YXV4Z2xhY2Vlcy5za1wvd3AtY29udGVudFwvdXBsb2Fkc1wvMjAyM1wvMDVcL0VzdGVsa2EuanBnIiwic2xpZGVzaG93IjoiMzAxYzUyMzIifQ%3D%3D\">\n\t\t\t\t\t<div class=\"e-gallery-image elementor-gallery-item__image\" data-thumbnail=\"https:\/\/www.ducristauxglacees.sk\/wp-content\/uploads\/2023\/05\/Estelka.jpg\" data-width=\"1024\" data-height=\"682\" aria-label=\"Estelitka Spring Danube Dog Show, 1.-2.4.2023\" role=\"img\" ><\/div>\n\t\t\t\t\t\t\t\t\t\t\t<div class=\"elementor-gallery-item__overlay\"><\/div>\n\t\t\t\t\t\t\t\t\t\t\t\t\t\t\t<div class=\"elementor-gallery-item__content\">\n\t\t\t\t\t\t\t\t\t\t\t\t\t\t<div class=\"elementor-gallery-item__title\">\n\t\t\t\t\t\t\t\t\t\t\t\t\t\t\t\t\t\tEstelitka Spring Danube Dog Show, 1.-2.4.2023\t\t\t\t\t\t\t\t<\/div>\n\t\t\t\t\t\t\t\t\t\t\t\t<\/div>\n\t\t\t\t\t\t\t\t\t<\/a>\n\t\t\t\t\t\t\t<a class=\"e-gallery-item elementor-gallery-item elementor-animated-content\" href=\"https:\/\/www.ducristauxglacees.sk\/wp-content\/uploads\/2023\/05\/Estelka-22042023.jpg\" data-elementor-open-lightbox=\"yes\" data-elementor-lightbox-slideshow=\"301c5232\" data-e-action-hash=\"#elementor-action%3Aaction%3Dlightbox%26settings%3DeyJpZCI6MTc1MywidXJsIjoiaHR0cHM6XC9cL3d3dy5kdWNyaXN0YXV4Z2xhY2Vlcy5za1wvd3AtY29udGVudFwvdXBsb2Fkc1wvMjAyM1wvMDVcL0VzdGVsa2EtMjIwNDIwMjMuanBnIiwic2xpZGVzaG93IjoiMzAxYzUyMzIifQ%3D%3D\">\n\t\t\t\t\t<div class=\"e-gallery-image elementor-gallery-item__image\" data-thumbnail=\"https:\/\/www.ducristauxglacees.sk\/wp-content\/uploads\/2023\/05\/Estelka-22042023.jpg\" data-width=\"1024\" data-height=\"683\" aria-label=\"Estelka 22.04.2023\" role=\"img\" ><\/div>\n\t\t\t\t\t\t\t\t\t\t\t<div class=\"elementor-gallery-item__overlay\"><\/div>\n\t\t\t\t\t\t\t\t\t\t\t\t\t\t\t<div class=\"elementor-gallery-item__content\">\n\t\t\t\t\t\t\t\t\t\t\t\t\t\t<div class=\"elementor-gallery-item__title\">\n\t\t\t\t\t\t\t\t\t\t\t\t\t\t\t\t\t\tEstelka 22.04.2023\t\t\t\t\t\t\t\t<\/div>\n\t\t\t\t\t\t\t\t\t\t\t\t<\/div>\n\t\t\t\t\t\t\t\t\t<\/a>\n\t\t\t\t\t\t\t<a class=\"e-gallery-item elementor-gallery-item elementor-animated-content\" href=\"https:\/\/www.ducristauxglacees.sk\/wp-content\/uploads\/2023\/05\/Estelle-pohyb-22042023.jpg\" data-elementor-open-lightbox=\"yes\" data-elementor-lightbox-slideshow=\"301c5232\" data-e-action-hash=\"#elementor-action%3Aaction%3Dlightbox%26settings%3DeyJpZCI6MTc1NywidXJsIjoiaHR0cHM6XC9cL3d3dy5kdWNyaXN0YXV4Z2xhY2Vlcy5za1wvd3AtY29udGVudFwvdXBsb2Fkc1wvMjAyM1wvMDVcL0VzdGVsbGUtcG9oeWItMjIwNDIwMjMuanBnIiwic2xpZGVzaG93IjoiMzAxYzUyMzIifQ%3D%3D\">\n\t\t\t\t\t<div class=\"e-gallery-image elementor-gallery-item__image\" data-thumbnail=\"https:\/\/www.ducristauxglacees.sk\/wp-content\/uploads\/2023\/05\/Estelle-pohyb-22042023.jpg\" data-width=\"1024\" data-height=\"683\" aria-label=\"Estelle 22.04.2023\" role=\"img\" ><\/div>\n\t\t\t\t\t\t\t\t\t\t\t<div class=\"elementor-gallery-item__overlay\"><\/div>\n\t\t\t\t\t\t\t\t\t\t\t\t\t\t\t<div class=\"elementor-gallery-item__content\">\n\t\t\t\t\t\t\t\t\t\t\t\t\t\t<div class=\"elementor-gallery-item__title\">\n\t\t\t\t\t\t\t\t\t\t\t\t\t\t\t\t\t\tEstelle 22.04.2023\t\t\t\t\t\t\t\t<\/div>\n\t\t\t\t\t\t\t\t\t\t\t\t<\/div>\n\t\t\t\t\t\t\t\t\t<\/a>\n\t\t\t\t\t\t\t<a class=\"e-gallery-item elementor-gallery-item elementor-animated-content\" href=\"https:\/\/www.ducristauxglacees.sk\/wp-content\/uploads\/2023\/05\/Estelitka.jpg\" data-elementor-open-lightbox=\"yes\" data-elementor-lightbox-slideshow=\"301c5232\" data-e-action-hash=\"#elementor-action%3Aaction%3Dlightbox%26settings%3DeyJpZCI6MTcyNiwidXJsIjoiaHR0cHM6XC9cL3d3dy5kdWNyaXN0YXV4Z2xhY2Vlcy5za1wvd3AtY29udGVudFwvdXBsb2Fkc1wvMjAyM1wvMDVcL0VzdGVsaXRrYS5qcGciLCJzbGlkZXNob3ciOiIzMDFjNTIzMiJ9\">\n\t\t\t\t\t<div class=\"e-gallery-image elementor-gallery-item__image\" data-thumbnail=\"https:\/\/www.ducristauxglacees.sk\/wp-content\/uploads\/2023\/05\/Estelitka.jpg\" data-width=\"1024\" data-height=\"1537\" aria-label=\"Spring Danube Dog Show, 1.-2.4.2023\" role=\"img\" ><\/div>\n\t\t\t\t\t\t\t\t\t\t\t<div class=\"elementor-gallery-item__overlay\"><\/div>\n\t\t\t\t\t\t\t\t\t\t\t\t\t\t\t<div class=\"elementor-gallery-item__content\">\n\t\t\t\t\t\t\t\t\t\t\t\t\t\t<div class=\"elementor-gallery-item__title\">\n\t\t\t\t\t\t\t\t\t\t\t\t\t\t\t\t\t\tSpring Danube Dog Show, 1.-2.4.2023\t\t\t\t\t\t\t\t<\/div>\n\t\t\t\t\t\t\t\t\t\t\t\t<\/div>\n\t\t\t\t\t\t\t\t\t<\/a>\n\t\t\t\t\t\t\t<a class=\"e-gallery-item elementor-gallery-item elementor-animated-content\" href=\"https:\/\/www.ducristauxglacees.sk\/wp-content\/uploads\/2022\/11\/Estelle.jpeg\" data-elementor-open-lightbox=\"yes\" data-elementor-lightbox-slideshow=\"301c5232\" data-e-action-hash=\"#elementor-action%3Aaction%3Dlightbox%26settings%3DeyJpZCI6MTMzMywidXJsIjoiaHR0cHM6XC9cL3d3dy5kdWNyaXN0YXV4Z2xhY2Vlcy5za1wvd3AtY29udGVudFwvdXBsb2Fkc1wvMjAyMlwvMTFcL0VzdGVsbGUuanBlZyIsInNsaWRlc2hvdyI6IjMwMWM1MjMyIn0%3D\">\n\t\t\t\t\t<div class=\"e-gallery-image elementor-gallery-item__image\" data-thumbnail=\"https:\/\/www.ducristauxglacees.sk\/wp-content\/uploads\/2022\/11\/Estelle.jpeg\" data-width=\"1024\" data-height=\"1365\" aria-label=\"\" role=\"img\" ><\/div>\n\t\t\t\t\t\t\t\t\t\t\t<div class=\"elementor-gallery-item__overlay\"><\/div>\n\t\t\t\t\t\t\t\t\t\t\t\t\t\t\t<div class=\"elementor-gallery-item__content\">\n\t\t\t\t\t\t\t\t\t\t\t\t\t\t<div class=\"elementor-gallery-item__title\">\n\t\t\t\t\t\t\t\t\t\t\t\t\t\t\t\t\t\tEstelle\t\t\t\t\t\t\t\t<\/div>\n\t\t\t\t\t\t\t\t\t\t\t\t<\/div>\n\t\t\t\t\t\t\t\t\t<\/a>\n\t\t\t\t\t\t\t<a class=\"e-gallery-item elementor-gallery-item elementor-animated-content\" href=\"https:\/\/www.ducristauxglacees.sk\/wp-content\/uploads\/2021\/10\/Vrh-E-OKT2021a.jpg\" data-elementor-open-lightbox=\"yes\" data-elementor-lightbox-slideshow=\"301c5232\" data-e-action-hash=\"#elementor-action%3Aaction%3Dlightbox%26settings%3DeyJpZCI6ODMzLCJ1cmwiOiJodHRwczpcL1wvd3d3LmR1Y3Jpc3RhdXhnbGFjZWVzLnNrXC93cC1jb250ZW50XC91cGxvYWRzXC8yMDIxXC8xMFwvVnJoLUUtT0tUMjAyMWEuanBnIiwic2xpZGVzaG93IjoiMzAxYzUyMzIifQ%3D%3D\">\n\t\t\t\t\t<div class=\"e-gallery-image elementor-gallery-item__image\" data-thumbnail=\"https:\/\/www.ducristauxglacees.sk\/wp-content\/uploads\/2021\/10\/Vrh-E-OKT2021a.jpg\" data-width=\"786\" data-height=\"1048\" aria-label=\"Vrh E 2021\" role=\"img\" ><\/div>\n\t\t\t\t\t\t\t\t\t\t\t<div class=\"elementor-gallery-item__overlay\"><\/div>\n\t\t\t\t\t\t\t\t\t\t\t\t\t\t\t<div class=\"elementor-gallery-item__content\">\n\t\t\t\t\t\t\t\t\t\t\t\t\t\t<div class=\"elementor-gallery-item__title\">\n\t\t\t\t\t\t\t\t\t\t\t\t\t\t\t\t\t\tVrh E 2021\t\t\t\t\t\t\t\t<\/div>\n\t\t\t\t\t\t\t\t\t\t\t\t<\/div>\n\t\t\t\t\t\t\t\t\t<\/a>\n\t\t\t\t\t\t\t<a class=\"e-gallery-item elementor-gallery-item elementor-animated-content\" href=\"https:\/\/www.ducristauxglacees.sk\/wp-content\/uploads\/2021\/10\/Vrh-E-oct2021.jpg\" data-elementor-open-lightbox=\"yes\" data-elementor-lightbox-slideshow=\"301c5232\" data-e-action-hash=\"#elementor-action%3Aaction%3Dlightbox%26settings%3DeyJpZCI6MTUsInVybCI6Imh0dHBzOlwvXC93d3cuZHVjcmlzdGF1eGdsYWNlZXMuc2tcL3dwLWNvbnRlbnRcL3VwbG9hZHNcLzIwMjFcLzEwXC9WcmgtRS1vY3QyMDIxLmpwZyIsInNsaWRlc2hvdyI6IjMwMWM1MjMyIn0%3D\">\n\t\t\t\t\t<div class=\"e-gallery-image elementor-gallery-item__image\" data-thumbnail=\"https:\/\/www.ducristauxglacees.sk\/wp-content\/uploads\/2021\/10\/Vrh-E-oct2021.jpg\" data-width=\"1024\" data-height=\"724\" aria-label=\"Vrh E 2021\" role=\"img\" ><\/div>\n\t\t\t\t\t\t\t\t\t\t\t<div class=\"elementor-gallery-item__overlay\"><\/div>\n\t\t\t\t\t\t\t\t\t\t\t\t\t\t\t<div class=\"elementor-gallery-item__content\">\n\t\t\t\t\t\t\t\t\t\t\t\t\t\t<div class=\"elementor-gallery-item__title\">\n\t\t\t\t\t\t\t\t\t\t\t\t\t\t\t\t\t\tVrh E 2021\t\t\t\t\t\t\t\t<\/div>\n\t\t\t\t\t\t\t\t\t\t\t\t<\/div>\n\t\t\t\t\t\t\t\t\t<\/a>\n\t\t\t\t\t<\/div>\n\t\t\t\t\t<\/div>\n\t\t\t\t<\/div>\n\t\t\t\t\t<\/div>\n\t\t<\/div>\n\t\t\t\t\t<\/div>\n\t\t<\/section>\n\t\t\t\t<\/div>\n\t\t","protected":false},"excerpt":{"rendered":"<p>Pedigree Estelle MAR 2025 Estelle NOV 2024 Estelle NOV 2024 WDS 2024 WDS 2024 WDS 2024 WDS 2024 Estelle-2023 BOB-ESTELLE LA REINE Du Cristaux-Glace&#8217;s Estelle BIG apr\u00edl 2023 Estelle z\u00e1vere\u010dn\u00e9 s\u00fa\u0165a\u017ee Estelitka Spring Danube Dog Show, 1.-2.4.2023 Estelka 22.04.2023 Estelle 22.04.2023 Spring Danube Dog Show, 1.-2.4.2023 Estelle Vrh E 2021 Vrh E 2021<\/p>\n","protected":false},"author":1,"featured_media":2895,"parent":690,"menu_order":0,"comment_status":"closed","ping_status":"closed","template":"","meta":{"slim_seo":{"title":"Estelle - Du Cristaux Glace's","description":"Pedigree Estelle MAR 2025 Estelle NOV 2024 Estelle NOV 2024 WDS 2024 WDS 2024 WDS 2024 WDS 2024 Estelle-2023 BOB-ESTELLE LA REINE Du Cristaux-Glace's Estelle BI"},"footnotes":""},"class_list":["post-1338","page","type-page","status-publish","has-post-thumbnail","hentry"],"_links":{"self":[{"href":"https:\/\/www.ducristauxglacees.sk\/en\/wp-json\/wp\/v2\/pages\/1338","targetHints":{"allow":["GET"]}}],"collection":[{"href":"https:\/\/www.ducristauxglacees.sk\/en\/wp-json\/wp\/v2\/pages"}],"about":[{"href":"https:\/\/www.ducristauxglacees.sk\/en\/wp-json\/wp\/v2\/types\/page"}],"author":[{"embeddable":true,"href":"https:\/\/www.ducristauxglacees.sk\/en\/wp-json\/wp\/v2\/users\/1"}],"replies":[{"embeddable":true,"href":"https:\/\/www.ducristauxglacees.sk\/en\/wp-json\/wp\/v2\/comments?post=1338"}],"version-history":[{"count":0,"href":"https:\/\/www.ducristauxglacees.sk\/en\/wp-json\/wp\/v2\/pages\/1338\/revisions"}],"up":[{"embeddable":true,"href":"https:\/\/www.ducristauxglacees.sk\/en\/wp-json\/wp\/v2\/pages\/690"}],"wp:featuredmedia":[{"embeddable":true,"href":"https:\/\/www.ducristauxglacees.sk\/en\/wp-json\/wp\/v2\/media\/2895"}],"wp:attachment":[{"href":"https:\/\/www.ducristauxglacees.sk\/en\/wp-json\/wp\/v2\/media?parent=1338"}],"curies":[{"name":"wp","href":"https:\/\/api.w.org\/{rel}","templated":true}]}}